{"id":134,"date":"2022-02-25T12:22:34","date_gmt":"2022-02-25T17:22:34","guid":{"rendered":"https:\/\/eipro.net\/?page_id=134"},"modified":"2024-10-24T10:49:06","modified_gmt":"2024-10-24T15:49:06","slug":"mision-2","status":"publish","type":"page","link":"https:\/\/eipro.net\/?page_id=134","title":{"rendered":"MISI\u00d3N"},"content":{"rendered":"<p>[et_pb_section fb_built=\u00bb1&#8243; _builder_version=\u00bb4.14.8&#8243; _module_preset=\u00bbdefault\u00bb background_image=\u00bbhttps:\/\/eipro.net\/wp-content\/uploads\/2022\/02\/pexels-ivan-samkov-7212933-scaled.jpg\u00bb custom_padding=\u00bb||66px|||\u00bb global_colors_info=\u00bb{}\u00bb][et_pb_row _builder_version=\u00bb4.14.8&#8243; _module_preset=\u00bbdefault\u00bb global_colors_info=\u00bb{}\u00bb][et_pb_column type=\u00bb4_4&#8243; _builder_version=\u00bb4.14.8&#8243; _module_preset=\u00bbdefault\u00bb global_colors_info=\u00bb{}\u00bb][et_pb_text _builder_version=\u00bb4.14.8&#8243; _module_preset=\u00bbdefault\u00bb text_font=\u00bb|800|||||||\u00bb text_text_color=\u00bb#FFFFFF\u00bb text_font_size=\u00bb30px\u00bb text_line_height=\u00bb1.6em\u00bb global_colors_info=\u00bb{}\u00bb]<\/p>\n<p>MISI\u00d3N<\/p>\n<p>[\/et_pb_text][\/et_pb_column][\/et_pb_row][\/et_pb_section][et_pb_section fb_built=\u00bb1&#8243; _builder_version=\u00bb4.14.8&#8243; _module_preset=\u00bbdefault\u00bb global_colors_info=\u00bb{}\u00bb][et_pb_row _builder_version=\u00bb4.14.8&#8243; _module_preset=\u00bbdefault\u00bb global_colors_info=\u00bb{}\u00bb][et_pb_column type=\u00bb4_4&#8243; _builder_version=\u00bb4.14.8&#8243; _module_preset=\u00bbdefault\u00bb global_colors_info=\u00bb{}\u00bb][et_pb_blurb title=\u00bbMISI\u00d3N\u00bb image=\u00bbhttps:\/\/eipro.net\/wp-content\/uploads\/2022\/02\/mision.png\u00bb icon_placement=\u00bbleft\u00bb image_icon_width=\u00bb108%\u00bb _builder_version=\u00bb4.14.8&#8243; _module_preset=\u00bbdefault\u00bb custom_margin=\u00bb|540px||0px||\u00bb hover_enabled=\u00bb0&#8243; global_colors_info=\u00bb{}\u00bb header_font=\u00bb|700|||||||\u00bb sticky_enabled=\u00bb0&#8243;]<\/p>\n<p><span>Somos un Centro de Capacitaci\u00f3n y Educaci\u00f3n, dedicado a brindar diplomados, cursos y programas de capacitaci\u00f3n y especializaci\u00f3n. Caracteriz\u00e1ndonos por dar la m\u00e1xima prioridad a la exigencia educativa, en el rigor acad\u00e9mico de los materiales y calidad de la plana docente.<\/span><\/p>\n<p>[\/et_pb_blurb][\/et_pb_column][\/et_pb_row][\/et_pb_section]<\/p>\n","protected":false},"excerpt":{"rendered":"<p>MISI\u00d3NSomos un Centro de Capacitaci\u00f3n y Educaci\u00f3n, dedicado a brindar diplomados, cursos y programas de capacitaci\u00f3n y especializaci\u00f3n. Caracteriz\u00e1ndonos por dar la m\u00e1xima prioridad a la exigencia educativa, en el rigor acad\u00e9mico de los materiales y calidad de la plana docente.<\/p>\n","protected":false},"author":1,"featured_media":0,"parent":0,"menu_order":0,"comment_status":"closed","ping_status":"closed","template":"","meta":{"_et_pb_use_builder":"on","_et_pb_old_content":"<!-- wp:divi\/placeholder \/-->","_et_gb_content_width":"","_joinchat":[],"footnotes":""},"class_list":["post-134","page","type-page","status-publish","hentry"],"_links":{"self":[{"href":"https:\/\/eipro.net\/index.php?rest_route=\/wp\/v2\/pages\/134","targetHints":{"allow":["GET"]}}],"collection":[{"href":"https:\/\/eipro.net\/index.php?rest_route=\/wp\/v2\/pages"}],"about":[{"href":"https:\/\/eipro.net\/index.php?rest_route=\/wp\/v2\/types\/page"}],"author":[{"embeddable":true,"href":"https:\/\/eipro.net\/index.php?rest_route=\/wp\/v2\/users\/1"}],"replies":[{"embeddable":true,"href":"https:\/\/eipro.net\/index.php?rest_route=%2Fwp%2Fv2%2Fcomments&post=134"}],"version-history":[{"count":5,"href":"https:\/\/eipro.net\/index.php?rest_route=\/wp\/v2\/pages\/134\/revisions"}],"predecessor-version":[{"id":195,"href":"https:\/\/eipro.net\/index.php?rest_route=\/wp\/v2\/pages\/134\/revisions\/195"}],"wp:attachment":[{"href":"https:\/\/eipro.net\/index.php?rest_route=%2Fwp%2Fv2%2Fmedia&parent=134"}],"curies":[{"name":"wp","href":"https:\/\/api.w.org\/{rel}","templated":true}]}}